{"id":26067898,"date":"2025-02-06T20:43:51","date_gmt":"2025-02-06T20:43:51","guid":{"rendered":"https:\/\/cafebethany.com\/product\/1-lb-coffee-dark-grain-beans\/"},"modified":"2025-08-22T21:40:43","modified_gmt":"2025-08-22T21:40:43","slug":"1-lb-coffee-dark-grain-beans","status":"publish","type":"product","link":"https:\/\/cafebethany.com\/es\/producto\/1-lb-coffee-dark-grain-beans\/","title":{"rendered":"1 lb Coffee &#8211; Dark Grain (Beans)"},"content":{"rendered":"<p>Del\u00e9itese con los sabores intensos y audaces de nuestros granos de caf\u00e9 tostado oscuro. Procedente de una finca de primera calidad, este caf\u00e9 tostado oscuro ofrece una experiencia de caf\u00e9 robusta y arom\u00e1tica. NOTA: debe moler los granos antes de prepararlo.<\/p>","protected":false},"excerpt":{"rendered":"<p>Del\u00e9itese con los sabores intensos y audaces de nuestros granos de caf\u00e9 tostado oscuro. Procedente de una finca de primera calidad, este caf\u00e9 tostado oscuro ofrece una experiencia de caf\u00e9 robusta y arom\u00e1tica. NOTA: debe moler los granos antes de prepararlo.<\/p>","protected":false},"featured_media":26068440,"comment_status":"open","ping_status":"closed","template":"","meta":{"_et_pb_use_builder":"","_et_pb_old_content":"","_et_gb_content_width":"","inline_featured_image":false},"product_brand":[],"product_cat":[39,30,37,32,34,31,38],"product_tag":[],"class_list":{"0":"post-26067898","1":"product","2":"type-product","3":"status-publish","4":"has-post-thumbnail","6":"product_cat-1-lb","7":"product_cat-cafe-bethany","8":"product_cat-dark-roast","9":"product_cat-grain-beans","10":"product_cat-roast-type","11":"product_cat-type-of-coffe","12":"product_cat-weight","14":"first","15":"instock","16":"purchasable","17":"product-type-simple"},"_links":{"self":[{"href":"https:\/\/cafebethany.com\/es\/wp-json\/wp\/v2\/product\/26067898","targetHints":{"allow":["GET"]}}],"collection":[{"href":"https:\/\/cafebethany.com\/es\/wp-json\/wp\/v2\/product"}],"about":[{"href":"https:\/\/cafebethany.com\/es\/wp-json\/wp\/v2\/types\/product"}],"replies":[{"embeddable":true,"href":"https:\/\/cafebethany.com\/es\/wp-json\/wp\/v2\/comments?post=26067898"}],"wp:featuredmedia":[{"embeddable":true,"href":"https:\/\/cafebethany.com\/es\/wp-json\/wp\/v2\/media\/26068440"}],"wp:attachment":[{"href":"https:\/\/cafebethany.com\/es\/wp-json\/wp\/v2\/media?parent=26067898"}],"wp:term":[{"taxonomy":"product_brand","embeddable":true,"href":"https:\/\/cafebethany.com\/es\/wp-json\/wp\/v2\/product_brand?post=26067898"},{"taxonomy":"product_cat","embeddable":true,"href":"https:\/\/cafebethany.com\/es\/wp-json\/wp\/v2\/product_cat?post=26067898"},{"taxonomy":"product_tag","embeddable":true,"href":"https:\/\/cafebethany.com\/es\/wp-json\/wp\/v2\/product_tag?post=26067898"}],"curies":[{"name":"wp","href":"https:\/\/api.w.org\/{rel}","templated":true}]}}